{"id":136,"date":"2022-10-30T12:01:09","date_gmt":"2022-10-30T12:01:09","guid":{"rendered":"https:\/\/demo.opconsult.co\/?page_id=136"},"modified":"2024-04-03T21:06:53","modified_gmt":"2024-04-03T20:06:53","slug":"workn-fun","status":"publish","type":"page","link":"https:\/\/opconsult.co\/en\/workn-fun\/","title":{"rendered":"Work&rsquo;n fun"},"content":{"rendered":"<p>[et_pb_section fb_built=\u00a0\u00bb1&Prime; _builder_version=\u00a0\u00bb4.19.0&Prime; _module_preset=\u00a0\u00bbdefault\u00a0\u00bb background_color=\u00a0\u00bb#1a2b43&Prime; background_enable_image=\u00a0\u00bboff\u00a0\u00bb background_position=\u00a0\u00bbcenter_left\u00a0\u00bb background_blend=\u00a0\u00bboverlay\u00a0\u00bb max_width=\u00a0\u00bb100%\u00a0\u00bb module_alignment=\u00a0\u00bbcenter\u00a0\u00bb height=\u00a0\u00bb498px\u00a0\u00bb custom_padding=\u00a0\u00bb||0px|||\u00a0\u00bb global_colors_info=\u00a0\u00bb{}\u00a0\u00bb][et_pb_row _builder_version=\u00a0\u00bb4.19.0&Prime; _module_preset=\u00a0\u00bbdefault\u00a0\u00bb width=\u00a0\u00bb70%\u00a0\u00bb max_width=\u00a0\u00bb983px\u00a0\u00bb module_alignment=\u00a0\u00bbcenter\u00a0\u00bb min_height=\u00a0\u00bb388px\u00a0\u00bb custom_padding=\u00a0\u00bb20px|||||\u00a0\u00bb global_colors_info=\u00a0\u00bb{}\u00a0\u00bb][et_pb_column type=\u00a0\u00bb4_4&Prime; _builder_version=\u00a0\u00bb4.19.0&Prime; _module_preset=\u00a0\u00bbdefault\u00a0\u00bb background_image=\u00a0\u00bbhttps:\/\/opconsult.co\/wp-content\/uploads\/2024\/04\/Component-11-2.png\u00a0\u00bb custom_padding=\u00a0\u00bb250px||100px||false|false\u00a0\u00bb global_colors_info=\u00a0\u00bb{}\u00a0\u00bb background_size=\u00a0\u00bbcontain\u00a0\u00bb][et_pb_text _builder_version=\u00a0\u00bb4.18.1&Prime; _module_preset=\u00a0\u00bbdefault\u00a0\u00bb header_font=\u00a0\u00bbNeue||||||||\u00a0\u00bb header_text_align=\u00a0\u00bbcenter\u00a0\u00bb header_text_color=\u00a0\u00bb#FFFFFF\u00a0\u00bb header_font_size=\u00a0\u00bb75px\u00a0\u00bb header_letter_spacing=\u00a0\u00bb3px\u00a0\u00bb header_line_height=\u00a0\u00bb1.4em\u00a0\u00bb header_font_size_tablet=\u00a0\u00bb60px\u00a0\u00bb header_font_size_phone=\u00a0\u00bb50px\u00a0\u00bb header_font_size_last_edited=\u00a0\u00bbon|tablet\u00a0\u00bb global_colors_info=\u00a0\u00bb{}\u00a0\u00bb]<\/p>\n<h1><\/h1>\n<p>[\/et_pb_text][\/et_pb_column][\/et_pb_row][\/et_pb_section][et_pb_section fb_built=\u00a0\u00bb1&Prime; _builder_version=\u00a0\u00bb4.16&Prime; _module_preset=\u00a0\u00bbdefault\u00a0\u00bb custom_padding=\u00a0\u00bb||29px|||\u00a0\u00bb global_colors_info=\u00a0\u00bb{}\u00a0\u00bb][et_pb_row _builder_version=\u00a0\u00bb4.16&Prime; _module_preset=\u00a0\u00bbdefault\u00a0\u00bb custom_padding=\u00a0\u00bb10px||10px||true|false\u00a0\u00bb locked=\u00a0\u00bboff\u00a0\u00bb global_colors_info=\u00a0\u00bb{}\u00a0\u00bb][et_pb_column type=\u00a0\u00bb4_4&Prime; _builder_version=\u00a0\u00bb4.16&Prime; _module_preset=\u00a0\u00bbdefault\u00a0\u00bb global_colors_info=\u00a0\u00bb{}\u00a0\u00bb][et_pb_text _builder_version=\u00a0\u00bb4.18.1&Prime; _module_preset=\u00a0\u00bbdefault\u00a0\u00bb header_font=\u00a0\u00bbRaleway||||||||\u00a0\u00bb header_font_size=\u00a0\u00bb40px\u00a0\u00bb header_line_height=\u00a0\u00bb1.2em\u00a0\u00bb global_colors_info=\u00a0\u00bb{}\u00a0\u00bb]<\/p>\n<h1>work&rsquo;n&rsquo;fun<\/h1>\n<p>[\/et_pb_text][et_pb_text _builder_version=\u00a0\u00bb4.19.0&Prime; _module_preset=\u00a0\u00bbdefault\u00a0\u00bb global_colors_info=\u00a0\u00bb{}\u00a0\u00bb]<\/p>\n<p style=\"text-align: justify;\">Come and take a step back from your working environment !   Come and take part in our journey a find a new approach where we combine sport and work. \nSupervised by a sports coach and a business mentor. Work'n fun mix fun and learning through different activities, we will work on themes dedicated for leaders. \nNo matter if you are a beginner or an intermediate looking to improve your skills, we have shaped programs for every level.  \nContact us and join our groups. \nCome and meet other entrepreneurs, share your experiences, grow your networking circle, expand your vision. \nTake a step back and leap forward to your next level!<\/p>\n<p>[\/et_pb_text][\/et_pb_column][\/et_pb_row][et_pb_row column_structure=\u00a0\u00bb1_3,1_3,1_3&Prime; make_equal=\u00a0\u00bbon\u00a0\u00bb _builder_version=\u00a0\u00bb4.16&Prime; _module_preset=\u00a0\u00bbdefault\u00a0\u00bb max_width=\u00a0\u00bb1124px\u00a0\u00bb custom_padding=\u00a0\u00bb||69px|||\u00a0\u00bb global_colors_info=\u00a0\u00bb{}\u00a0\u00bb][et_pb_column type=\u00a0\u00bb1_3&Prime; _builder_version=\u00a0\u00bb4.16&Prime; _module_preset=\u00a0\u00bbdefault\u00a0\u00bb global_colors_info=\u00a0\u00bb{}\u00a0\u00bb][et_pb_blurb title=\u00a0\u00bbDIRIGEANTS\u00a0\u00bb image=\u00a0\u00bbhttps:\/\/demo.opconsult.co\/wp-content\/uploads\/2022\/10\/Team-Spirit.jpg\u00a0\u00bb image_icon_width=\u00a0\u00bb100%\u00a0\u00bb _builder_version=\u00a0\u00bb4.19.0&Prime; _module_preset=\u00a0\u00bbdefault\u00a0\u00bb header_font=\u00a0\u00bb||||||||\u00a0\u00bb header_text_align=\u00a0\u00bbcenter\u00a0\u00bb header_text_color=\u00a0\u00bbgcid-e74f40d5-3465-42cc-9476-e3d061e02223&Prime; header_font_size=\u00a0\u00bb21px\u00a0\u00bb header_line_height=\u00a0\u00bb1.5em\u00a0\u00bb image_icon_custom_padding=\u00a0\u00bb||||true|true\u00a0\u00bb custom_padding=\u00a0\u00bb20px|20px|20px|20px|true|true\u00a0\u00bb animation=\u00a0\u00bboff\u00a0\u00bb border_color_all=\u00a0\u00bbgcid-77830294-6d55-43ae-bc30-6b09a61cf322&Prime; global_colors_info=\u00a0\u00bb{%22gcid-77830294-6d55-43ae-bc30-6b09a61cf322%22:%91%22border_color_all%22,%22border_color_all%22,%22border_color_all%22%93,%22gcid-e74f40d5-3465-42cc-9476-e3d061e02223%22:%91%22header_text_color%22%93}\u00a0\u00bb]<\/p>\n<p style=\"text-align: justify;\"><span>WNF Dirigeant(e)s est d\u00e9di\u00e9 aux entrepreneurs d\u00e9sireux de \u00ab\u00a0joindre l\u2019utile \u00e0 l\u2019agr\u00e9able\u00a0\u00bb.\u00a0<\/span><span>Nos formations, \u00e9labor\u00e9es par et pour des dirigeants, offrent une r\u00e9ponse directe aux d\u00e9fis quotidiens. <\/span><span>En m\u00ealant th\u00e9orie et pratique, nos sessions favorisent la participation active.\u00a0<\/span><span>Gr\u00e2ce au jeu et \u00e0 l\u2019intelligence collective, d\u00e9couvrez une approche de la formation unique, rompez avec la solitude entrepreneuriale et \u00e9largissez votre r\u00e9seau.<\/span><\/p>\n<p>[\/et_pb_blurb][et_pb_button button_url=\u00a0\u00bbhttps:\/\/workandfun.fr\/dirigeants-independants-2\/\u00a0\u00bb button_text=\u00a0\u00bbPlus d&rsquo;infos\u00a0\u00bb button_alignment=\u00a0\u00bbcenter\u00a0\u00bb _builder_version=\u00a0\u00bb4.19.0&Prime; _module_preset=\u00a0\u00bbdefault\u00a0\u00bb custom_button=\u00a0\u00bbon\u00a0\u00bb button_text_size=\u00a0\u00bb17px\u00a0\u00bb button_text_color=\u00a0\u00bbgcid-4c754b25-349e-4c1d-a6dc-6a2cbd974dea\u00a0\u00bb button_bg_color=\u00a0\u00bbgcid-e74f40d5-3465-42cc-9476-e3d061e02223&Prime; global_colors_info=\u00a0\u00bb{%22gcid-e74f40d5-3465-42cc-9476-e3d061e02223%22:%91%22button_bg_color%22%93,%22gcid-4c754b25-349e-4c1d-a6dc-6a2cbd974dea%22:%91%22button_text_color%22%93}\u00a0\u00bb][\/et_pb_button][\/et_pb_column][et_pb_column type=\u00a0\u00bb1_3&Prime; _builder_version=\u00a0\u00bb4.16&Prime; _module_preset=\u00a0\u00bbdefault\u00a0\u00bb global_colors_info=\u00a0\u00bb{}\u00a0\u00bb][et_pb_blurb title=\u00a0\u00bbTEAM\u00a0\u00bb image=\u00a0\u00bbhttps:\/\/demo.opconsult.co\/wp-content\/uploads\/2022\/10\/gestion-du-temps.jpg\u00a0\u00bb image_icon_width=\u00a0\u00bb100%\u00a0\u00bb _builder_version=\u00a0\u00bb4.19.0&Prime; _module_preset=\u00a0\u00bbdefault\u00a0\u00bb header_font=\u00a0\u00bb||||||||\u00a0\u00bb header_text_align=\u00a0\u00bbcenter\u00a0\u00bb header_text_color=\u00a0\u00bbgcid-e74f40d5-3465-42cc-9476-e3d061e02223&Prime; header_font_size=\u00a0\u00bb21px\u00a0\u00bb header_line_height=\u00a0\u00bb1.5em\u00a0\u00bb image_icon_custom_padding=\u00a0\u00bb||||true|true\u00a0\u00bb custom_padding=\u00a0\u00bb20px|20px|20px|20px|true|true\u00a0\u00bb animation=\u00a0\u00bboff\u00a0\u00bb border_color_all=\u00a0\u00bbgcid-77830294-6d55-43ae-bc30-6b09a61cf322&Prime; global_colors_info=\u00a0\u00bb{%22gcid-77830294-6d55-43ae-bc30-6b09a61cf322%22:%91%22border_color_all%22,%22border_color_all%22,%22border_color_all%22,%22border_color_all%22%93,%22gcid-e74f40d5-3465-42cc-9476-e3d061e02223%22:%91%22header_text_color%22%93}\u00a0\u00bb]<\/p>\n<p style=\"text-align: justify;\"><span>WNF Team est sp\u00e9cialement con\u00e7u pour les responsables d\u2019\u00e9quipe et leurs collaborateurs.\u00a0<\/span><strong>Ludiques, instructives et sportives<\/strong><span>, nos activit\u00e9s sont pens\u00e9es pour les managers et leaders impliqu\u00e9s.Elles ont pour but de donner du sens et de r\u00e9pondre aux enjeux actuels tout en renfor\u00e7ant l\u2019esprit d\u2019\u00e9quipe! Inscrivez vos \u00e9quipes pour vivre une exp\u00e9rience avanc\u00e9e et unique o\u00f9 le jeu et le sport se rejoignent! <\/span><\/p>\n<p>[\/et_pb_blurb][et_pb_button button_url=\u00a0\u00bbhttps:\/\/workandfun.fr\/dirigeants-independants\/\u00a0\u00bb button_text=\u00a0\u00bbPlus d&rsquo;infos\u00a0\u00bb button_alignment=\u00a0\u00bbcenter\u00a0\u00bb _builder_version=\u00a0\u00bb4.19.0&Prime; _module_preset=\u00a0\u00bbdefault\u00a0\u00bb custom_button=\u00a0\u00bbon\u00a0\u00bb button_text_size=\u00a0\u00bb17px\u00a0\u00bb button_text_color=\u00a0\u00bbgcid-4c754b25-349e-4c1d-a6dc-6a2cbd974dea\u00a0\u00bb button_bg_color=\u00a0\u00bbgcid-e74f40d5-3465-42cc-9476-e3d061e02223&Prime; locked=\u00a0\u00bboff\u00a0\u00bb global_colors_info=\u00a0\u00bb{%22gcid-e74f40d5-3465-42cc-9476-e3d061e02223%22:%91%22button_bg_color%22%93,%22gcid-4c754b25-349e-4c1d-a6dc-6a2cbd974dea%22:%91%22button_text_color%22%93}\u00a0\u00bb][\/et_pb_button][\/et_pb_column][et_pb_column type=\u00a0\u00bb1_3&Prime; _builder_version=\u00a0\u00bb4.16&Prime; _module_preset=\u00a0\u00bbdefault\u00a0\u00bb global_colors_info=\u00a0\u00bb{}\u00a0\u00bb][et_pb_blurb title=\u00a0\u00bbEVENTS\u00a0\u00bb image=\u00a0\u00bbhttps:\/\/demo.opconsult.co\/wp-content\/uploads\/2022\/10\/Stress-Control.jpg\u00a0\u00bb image_icon_width=\u00a0\u00bb100%\u00a0\u00bb _builder_version=\u00a0\u00bb4.19.0&Prime; _module_preset=\u00a0\u00bbdefault\u00a0\u00bb header_font=\u00a0\u00bb||||||||\u00a0\u00bb header_text_align=\u00a0\u00bbcenter\u00a0\u00bb header_text_color=\u00a0\u00bbgcid-e74f40d5-3465-42cc-9476-e3d061e02223&Prime; header_font_size=\u00a0\u00bb21px\u00a0\u00bb header_line_height=\u00a0\u00bb1.5em\u00a0\u00bb image_icon_custom_padding=\u00a0\u00bb||||true|true\u00a0\u00bb custom_padding=\u00a0\u00bb20px|20px|20px|20px|true|true\u00a0\u00bb animation=\u00a0\u00bboff\u00a0\u00bb border_color_all=\u00a0\u00bbgcid-77830294-6d55-43ae-bc30-6b09a61cf322&Prime; global_colors_info=\u00a0\u00bb{%22gcid-77830294-6d55-43ae-bc30-6b09a61cf322%22:%91%22border_color_all%22,%22border_color_all%22%93,%22gcid-e74f40d5-3465-42cc-9476-e3d061e02223%22:%91%22header_text_color%22%93}\u00a0\u00bb]<\/p>\n<p style=\"text-align: justify;\"><span>WNF \u00c9v\u00e9nements propose des exp\u00e9riences uniques pour les passionn\u00e9s de rencontres professionnelles et d&rsquo;apprentissage dynamique. Nos \u00e9v\u00e9nements sont con\u00e7us pour stimuler l&rsquo;interaction et favoriser les \u00e9changes entre les participants. Avec un m\u00e9lange habile de conf\u00e9rences, d&rsquo;ateliers pratiques et de sessions de r\u00e9seautage, nos programmes offrent une r\u00e9ponse directe aux d\u00e9fis contemporains auxquels font face les professionnels.\u00a0<\/span><\/p>\n<p>[\/et_pb_blurb][et_pb_button button_url=\u00a0\u00bbhttps:\/\/workandfun.fr\/events\/\u00a0\u00bb button_text=\u00a0\u00bbPlus d&rsquo;infos\u00a0\u00bb button_alignment=\u00a0\u00bbcenter\u00a0\u00bb _builder_version=\u00a0\u00bb4.19.0&Prime; _module_preset=\u00a0\u00bbdefault\u00a0\u00bb custom_button=\u00a0\u00bbon\u00a0\u00bb button_text_size=\u00a0\u00bb17px\u00a0\u00bb button_text_color=\u00a0\u00bbgcid-4c754b25-349e-4c1d-a6dc-6a2cbd974dea\u00a0\u00bb button_bg_color=\u00a0\u00bbgcid-e74f40d5-3465-42cc-9476-e3d061e02223&Prime; locked=\u00a0\u00bboff\u00a0\u00bb global_colors_info=\u00a0\u00bb{%22gcid-e74f40d5-3465-42cc-9476-e3d061e02223%22:%91%22button_bg_color%22%93,%22gcid-4c754b25-349e-4c1d-a6dc-6a2cbd974dea%22:%91%22button_text_color%22%93}\u00a0\u00bb][\/et_pb_button][\/et_pb_column][\/et_pb_row][\/et_pb_section][et_pb_section fb_built=\u00a0\u00bb1&Prime; _builder_version=\u00a0\u00bb4.18.1&Prime; _module_preset=\u00a0\u00bbdefault\u00a0\u00bb background_color=\u00a0\u00bbgcid-266b2528-b412-4045-9546-7bd6f10f8134&Prime; background_image=\u00a0\u00bbhttps:\/\/demo.opconsult.co\/wp-content\/uploads\/2022\/10\/social-media-consultant-92-1.png\u00a0\u00bb background_blend=\u00a0\u00bboverlay\u00a0\u00bb global_module=\u00a0\u00bb31&Prime; saved_tabs=\u00a0\u00bball\u00a0\u00bb global_colors_info=\u00a0\u00bb{%22gcid-266b2528-b412-4045-9546-7bd6f10f8134%22:%91%22background_color%22%93}\u00a0\u00bb][et_pb_row _builder_version=\u00a0\u00bb4.16&Prime; _module_preset=\u00a0\u00bbdefault\u00a0\u00bb global_colors_info=\u00a0\u00bb{}\u00a0\u00bb][et_pb_column type=\u00a0\u00bb4_4&Prime; _builder_version=\u00a0\u00bb4.16&Prime; _module_preset=\u00a0\u00bbdefault\u00a0\u00bb global_colors_info=\u00a0\u00bb{}\u00a0\u00bb][et_pb_text _builder_version=\u00a0\u00bb4.19.0&Prime; _module_preset=\u00a0\u00bbdefault\u00a0\u00bb text_font=\u00a0\u00bbNeue||||||||\u00a0\u00bb header_font=\u00a0\u00bbNeue||||||||\u00a0\u00bb header_text_color=\u00a0\u00bb#002654&Prime; header_font_size=\u00a0\u00bb31px\u00a0\u00bb header_line_height=\u00a0\u00bb1.3em\u00a0\u00bb header_2_font=\u00a0\u00bbNeue|600|||||||\u00a0\u00bb header_2_text_color=\u00a0\u00bbgcid-77830294-6d55-43ae-bc30-6b09a61cf322&Prime; header_2_font_size=\u00a0\u00bb34px\u00a0\u00bb global_colors_info=\u00a0\u00bb{%22gcid-77830294-6d55-43ae-bc30-6b09a61cf322%22:%91%22header_2_text_color%22%93}\u00a0\u00bb]<\/p>\n<h1 class=\"_04xlpA direction-ltr align-center para-style-body\" style=\"text-align: center;\"><span class=\"JsGRdQ\">alone we go faster<\/span><\/h1>\n<h2 class=\"_04xlpA direction-ltr align-center para-style-body\" style=\"text-align: center;\"><span class=\"JsGRdQ\">together we go further<\/span><\/h2>\n<p>[\/et_pb_text][et_pb_text _builder_version=\u00a0\u00bb4.19.0&Prime; _module_preset=\u00a0\u00bbdefault\u00a0\u00bb text_font=\u00a0\u00bb||||||||\u00a0\u00bb background_color=\u00a0\u00bbRGBA(255,255,255,0)\u00a0\u00bb global_colors_info=\u00a0\u00bb{}\u00a0\u00bb][\/et_pb_text][\/et_pb_column][\/et_pb_row][et_pb_row column_structure=\u00a0\u00bb1_3,1_3,1_3&Prime; _builder_version=\u00a0\u00bb4.18.1&Prime; _module_preset=\u00a0\u00bbdefault\u00a0\u00bb animation_style=\u00a0\u00bbzoom\u00a0\u00bb global_colors_info=\u00a0\u00bb{}\u00a0\u00bb][et_pb_column type=\u00a0\u00bb1_3&Prime; _builder_version=\u00a0\u00bb4.16&Prime; _module_preset=\u00a0\u00bbdefault\u00a0\u00bb global_colors_info=\u00a0\u00bb{}\u00a0\u00bb][et_pb_blurb title=\u00a0\u00bbTELEPHONE\u00a0\u00bb url=\u00a0\u00bbhttps:\/\/wa.me\/33616354936&Prime; use_icon=\u00a0\u00bbon\u00a0\u00bb font_icon=\u00a0\u00bb&#xe090;||divi||400&Prime; icon_color=\u00a0\u00bb#FFFFFF\u00a0\u00bb image_icon_background_color=\u00a0\u00bbgcid-77830294-6d55-43ae-bc30-6b09a61cf322&Prime; image_icon_width=\u00a0\u00bb50px\u00a0\u00bb _builder_version=\u00a0\u00bb4.19.0&Prime; _module_preset=\u00a0\u00bbdefault\u00a0\u00bb header_text_align=\u00a0\u00bbcenter\u00a0\u00bb header_line_height=\u00a0\u00bb1.4em\u00a0\u00bb body_text_align=\u00a0\u00bbcenter\u00a0\u00bb body_text_color=\u00a0\u00bbgcid-e74f40d5-3465-42cc-9476-e3d061e02223&Prime; body_link_font=\u00a0\u00bb||||||||\u00a0\u00bb body_link_text_color=\u00a0\u00bbgcid-e74f40d5-3465-42cc-9476-e3d061e02223&Prime; image_icon_custom_padding=\u00a0\u00bb20px|20px|20px|20px|true|true\u00a0\u00bb animation=\u00a0\u00bboff\u00a0\u00bb link_option_url=\u00a0\u00bbhttps:\/\/wa.me\/33616354936&Prime; border_radii_image=\u00a0\u00bbon|100px|100px|100px|100px\u00a0\u00bb global_colors_info=\u00a0\u00bb{%22gcid-77830294-6d55-43ae-bc30-6b09a61cf322%22:%91%22image_icon_background_color%22,%22image_icon_background_color%22,%22image_icon_background_color%22%93,%22gcid-e74f40d5-3465-42cc-9476-e3d061e02223%22:%91%22body_text_color%22,%22body_link_text_color%22%93}\u00a0\u00bb]<\/p>\n<h4><a href=\"tel:+33616354936\">+33 6 16 35 49 36<\/a><\/h4>\n<p>[\/et_pb_blurb][\/et_pb_column][et_pb_column type=\u00a0\u00bb1_3&Prime; _builder_version=\u00a0\u00bb4.16&Prime; _module_preset=\u00a0\u00bbdefault\u00a0\u00bb global_colors_info=\u00a0\u00bb{}\u00a0\u00bb][et_pb_blurb title=\u00a0\u00bbRENDEZ-VOUS\u00a0\u00bb use_icon=\u00a0\u00bbon\u00a0\u00bb font_icon=\u00a0\u00bb&#xf073;||fa||900&Prime; icon_color=\u00a0\u00bb#FFFFFF\u00a0\u00bb image_icon_background_color=\u00a0\u00bbgcid-77830294-6d55-43ae-bc30-6b09a61cf322&Prime; image_icon_width=\u00a0\u00bb50px\u00a0\u00bb _builder_version=\u00a0\u00bb4.16&Prime; _dynamic_attributes=\u00a0\u00bblink_option_url\u00a0\u00bb _module_preset=\u00a0\u00bbdefault\u00a0\u00bb header_text_align=\u00a0\u00bbcenter\u00a0\u00bb header_line_height=\u00a0\u00bb1.4em\u00a0\u00bb body_text_align=\u00a0\u00bbcenter\u00a0\u00bb body_text_color=\u00a0\u00bb#000000&Prime; image_icon_custom_padding=\u00a0\u00bb20px|20px|20px|20px|true|true\u00a0\u00bb animation=\u00a0\u00bboff\u00a0\u00bb link_option_url=\u00a0\u00bb@ET-DC@eyJkeW5hbWljIjp0cnVlLCJjb250ZW50IjoicG9zdF9saW5rX3VybF9wYWdlIiwic2V0dGluZ3MiOnsicG9zdF9pZCI6IjI5OCJ9fQ==@\u00a0\u00bb border_radii_image=\u00a0\u00bbon|100px|100px|100px|100px\u00a0\u00bb global_colors_info=\u00a0\u00bb{%22gcid-77830294-6d55-43ae-bc30-6b09a61cf322%22:%91%22image_icon_background_color%22%93}\u00a0\u00bb][\/et_pb_blurb][\/et_pb_column][et_pb_column type=\u00a0\u00bb1_3&Prime; _builder_version=\u00a0\u00bb4.16&Prime; _module_preset=\u00a0\u00bbdefault\u00a0\u00bb global_colors_info=\u00a0\u00bb{}\u00a0\u00bb][et_pb_blurb title=\u00a0\u00bbEMAIL\u00a0\u00bb url=\u00a0\u00bbmailto:info@opconsult.co\u00a0\u00bb use_icon=\u00a0\u00bbon\u00a0\u00bb font_icon=\u00a0\u00bb&#xf0e0;||fa||900&Prime; icon_color=\u00a0\u00bb#FFFFFF\u00a0\u00bb image_icon_background_color=\u00a0\u00bbgcid-77830294-6d55-43ae-bc30-6b09a61cf322&Prime; image_icon_width=\u00a0\u00bb50px\u00a0\u00bb _builder_version=\u00a0\u00bb4.16&Prime; _module_preset=\u00a0\u00bbdefault\u00a0\u00bb header_text_align=\u00a0\u00bbcenter\u00a0\u00bb header_line_height=\u00a0\u00bb1.4em\u00a0\u00bb body_text_align=\u00a0\u00bbcenter\u00a0\u00bb body_text_color=\u00a0\u00bbgcid-e74f40d5-3465-42cc-9476-e3d061e02223&Prime; body_link_font=\u00a0\u00bb|600|||||||\u00a0\u00bb body_link_text_color=\u00a0\u00bbgcid-e74f40d5-3465-42cc-9476-e3d061e02223&Prime; image_icon_custom_padding=\u00a0\u00bb20px|20px|20px|20px|true|true\u00a0\u00bb animation=\u00a0\u00bboff\u00a0\u00bb link_option_url=\u00a0\u00bbmailto:info@opconsult.co\u00a0\u00bb border_radii_image=\u00a0\u00bbon|100px|100px|100px|100px\u00a0\u00bb global_colors_info=\u00a0\u00bb{%22gcid-77830294-6d55-43ae-bc30-6b09a61cf322%22:%91%22image_icon_background_color%22,%22image_icon_background_color%22%93,%22gcid-e74f40d5-3465-42cc-9476-e3d061e02223%22:%91%22body_text_color%22,%22body_link_text_color%22%93}\u00a0\u00bb]<\/p>\n<p><a href=\"mailto:info@opconsult.co\">info@opconsult.co <\/a><\/p>\n<p>[\/et_pb_blurb][\/et_pb_column][\/et_pb_row][\/et_pb_section]<\/p>","protected":false},"excerpt":{"rendered":"<p>work&rsquo;n&rsquo;funVenez participer aux stages, prenez du recul! Work&rsquo;n fun, une nouvelle approche o\u00f9 nous combinons sport et travail. Encadr\u00e9 par un coach sportif et un coach d&rsquo;entreprise. Work&rsquo;n fun m\u00e9lange plaisir et apprentissage \u00e0 travers diff\u00e9rentes activit\u00e9s. Nous travaillons sur des th\u00e8mes d\u00e9di\u00e9s aux dirigeants. Que vous soyez d\u00e9butant ou interm\u00e9diaire nous avons des stages [&hellip;]<\/p>","protected":false},"author":1,"featured_media":0,"parent":0,"menu_order":0,"comment_status":"closed","ping_status":"closed","template":"","meta":{"_et_pb_use_builder":"on","_et_pb_old_content":"","_et_gb_content_width":"","footnotes":""},"class_list":["post-136","page","type-page","status-publish","hentry"],"_links":{"self":[{"href":"https:\/\/opconsult.co\/en\/wp-json\/wp\/v2\/pages\/136","targetHints":{"allow":["GET"]}}],"collection":[{"href":"https:\/\/opconsult.co\/en\/wp-json\/wp\/v2\/pages"}],"about":[{"href":"https:\/\/opconsult.co\/en\/wp-json\/wp\/v2\/types\/page"}],"author":[{"embeddable":true,"href":"https:\/\/opconsult.co\/en\/wp-json\/wp\/v2\/users\/1"}],"replies":[{"embeddable":true,"href":"https:\/\/opconsult.co\/en\/wp-json\/wp\/v2\/comments?post=136"}],"version-history":[{"count":23,"href":"https:\/\/opconsult.co\/en\/wp-json\/wp\/v2\/pages\/136\/revisions"}],"predecessor-version":[{"id":876,"href":"https:\/\/opconsult.co\/en\/wp-json\/wp\/v2\/pages\/136\/revisions\/876"}],"wp:attachment":[{"href":"https:\/\/opconsult.co\/en\/wp-json\/wp\/v2\/media?parent=136"}],"curies":[{"name":"wp","href":"https:\/\/api.w.org\/{rel}","templated":true}]}}